{"id":45,"date":"2025-02-25T13:16:14","date_gmt":"2025-02-25T13:16:14","guid":{"rendered":"https:\/\/apklinebet.com\/home-fr\/"},"modified":"2025-03-05T13:10:12","modified_gmt":"2025-03-05T13:10:12","slug":"home-fr","status":"publish","type":"page","link":"https:\/\/apklinebet.com\/fr\/","title":{"rendered":"Linebet APK: principales caract\u00e9ristiques de l&rsquo;application mobile"},"content":{"rendered":"<p>Linebet APK: principales caract\u00e9ristiques de l&rsquo;application mobile<\/p>\n<p>Les plateformes modernes de jeux d&rsquo;argent en ligne sont toujours disponibles. Vous pouvez jouer n&rsquo;importe o\u00f9. Il suffit de cr\u00e9er un compte et d&rsquo;installer Linebet APK Android. Les conditions d&rsquo;inscription sont simples &#8211; l&rsquo;\u00e2ge de la majorit\u00e9. Vous pouvez cr\u00e9er un profil sur votre smartphone ou votre tablette. Il y a quatre fa\u00e7ons de s&rsquo;inscrire. Vous pouvez le faire par t\u00e9l\u00e9phone, par courrier, par les r\u00e9seaux sociaux ou en un seul clic.<\/p>\n<p>Les programmes mobiles sont enti\u00e8rement fonctionnels. Ils proposent des services de bookmaker et de casino. Les applications sont gratuites. Cependant, il est important d&rsquo;utiliser uniquement les instructions pour installer Linebet APK\u00a0\u00e0 partir du site de jeu officiel. Car c&rsquo;est seulement l\u00e0 que vous pouvez trouver les derni\u00e8res versions des programmes.<\/p>\n<a href=\"https:\/\/apklinebet.com\/go\" class=\"bonus-btn\" rel=\"nofollow\">Obtenez un bonus<\/a><h2>Utiliser Linebet APK\u00a0pour jouer<\/h2>\n<p>L&rsquo;application vous permet d&rsquo;effectuer un ensemble complet d&rsquo;actions. Vous pouvez oublier la version habituelle du site dans le navigateur. Il est important de t\u00e9l\u00e9charger Linebet APK\u00a0pour les raisons suivantes :<\/p>\n<ol>\n<li>Pour jouer \u00e0 des jeux de casino. Vous avez acc\u00e8s \u00e0 une grande vari\u00e9t\u00e9 de divertissements : machines \u00e0 sous, jeux de table, cat\u00e9gories de crash, jeux t\u00e9l\u00e9vis\u00e9s. Si vous voulez vous essayer, vous pouvez passer en mode d\u00e9mo gratuit.<\/li>\n<li>Des paris en ligne\u00a0sportifs sont \u00e9galement disponibles. Il est possible de basculer facilement entre le pr\u00e9-match et le direct si n\u00e9cessaire. La fonctionnalit\u00e9 permet de faire des paris simples, des express. L&rsquo;ensemble du catalogue sportif est disponible. Dans le profil via Linebet APK, vous voyez l&rsquo;historique des nouveaux et anciens paris.<\/li>\n<li>Dans l&rsquo;application, vous pouvez accepter des cadeaux. Apr\u00e8s l&rsquo;enregistrement et l&rsquo;autorisation, tout le monde re\u00e7oit un bonus de bienvenue. Pour cela, vous rechargez le solde pour la premi\u00e8re fois. Des cadeaux sont \u00e9galement offerts aux utilisateurs de l&rsquo;application APK. Les bonus peuvent \u00eatre d\u00e9pens\u00e9s dans l&rsquo;une des deux sections principales. Vous choisissez l&rsquo;une d&rsquo;entre elles. Et vous \u00eates oblig\u00e9 de ne r\u00e9aliser qu&rsquo;un seul bonus \u00e0 la fois. Les cadeaux sont offerts pour les sports et le casino Linebet iOS. Il y a diff\u00e9rents bonus de d\u00e9p\u00f4t et sans d\u00e9p\u00f4t, du cashback. Dans la section \u00ab Promos \u00bb, vous trouverez une vitrine de codes promo. L\u00e0, vous avez la possibilit\u00e9 d&rsquo;\u00e9changer les points de votre activit\u00e9 contre des prix avantageux.<\/li>\n<\/ol>\n<p>Le programme du casino Linebet APK Android\u00a0est utile m\u00eame si vous ne pariez pas. Vous pouvez y voir le programme des sports, consulter les statistiques. Dans la section \u00ab Live \u00bb, il y a parfois des retransmissions en direct de sports. Les transactions financi\u00e8res sont totalement s\u00fbres. Les rechargements et les retraits via les portefeuilles \u00e9lectroniques, les crypto-monnaies et d&rsquo;autres m\u00e9thodes sont disponibles sur Linebet iOS. Il n&rsquo;y a pas de commissions suppl\u00e9mentaires.<\/p>\n<a href=\"https:\/\/apklinebet.com\/go\" class=\"bonus-btn\" rel=\"nofollow\">Obtenez un bonus<\/a><h2>Linebet APK\u00a0pour le syst\u00e8me d&rsquo;exploitation Android<\/h2>\n<p>Les instructions vous obligent \u00e0 vous passer de la boutique d&rsquo;applications officielle. Il y a une interdiction pour tous les programmes de jeux d&rsquo;argent. Par cons\u00e9quent, vous devez faire ce qui suit pour t\u00e9l\u00e9charger Linebet APK Android\u00a0sans obstacles :<\/p>\n<ol>\n<li>Trouvez la section des logiciels mobiles et indiquez le syst\u00e8me d&rsquo;exploitation souhait\u00e9.<\/li>\n<li>Cliquez sur le lien pour t\u00e9l\u00e9charger le fichier directement ou scannez le code QR pour obtenir le lien.<\/li>\n<li>Il est plus pratique de t\u00e9l\u00e9charger Linebet APK\u00a0imm\u00e9diatement. Bien que ce fichier puisse \u00eatre transf\u00e9r\u00e9 de votre PC \u00e0 votre smartphone plus tard.<\/li>\n<\/ol>\n<p>La prochaine chose \u00e0 faire est de lancer le fichier et d&rsquo;attendre la progression. S&rsquo;il y a une notification d&rsquo;interdiction, supprimez-la dans les param\u00e8tres. Ensuite, Linebet APP\u00a0s&rsquo;installera d\u00e9finitivement. Les instructions sont les m\u00eames pour les smartphones et les tablettes.<\/p>\n<p>Ensuite, vous \u00eates libre d&rsquo;effectuer toutes les op\u00e9rations n\u00e9cessaires. Vous pouvez pr\u00e9-remplir votre compte et commencer \u00e0 jouer au paris en ligne. Ou vous pouvez aller \u00e0 la section casino.<\/p>\n<a href=\"https:\/\/apklinebet.com\/go\" class=\"bonus-btn\" rel=\"nofollow\">Obtenez un bonus<\/a><h2>Linebet APP\u00a0pour le syst\u00e8me d&rsquo;exploitation iOS<\/h2>\n<p>L&rsquo;instruction est ici plus int\u00e9ressante. Le d\u00e9veloppeur n&rsquo;a pas encore annonc\u00e9 la disponibilit\u00e9 de la version finale de l&rsquo;application. Mais vous pouvez, en comprenant tous les risques, essayer d&rsquo;utiliser Linebet APP iOS\u00a0dans un format de test. Mais il s&rsquo;agit d&rsquo;un programme pr\u00eat \u00e0 l&#8217;emploi et d&rsquo;une int\u00e9gration \u00e0 l&rsquo;app shop. Le programme y sera \u00e9galement mis \u00e0 jour. Tout se passe de la m\u00eame mani\u00e8re que pour les autres applications. C&rsquo;est la diff\u00e9rence avec Linebet apk, o\u00f9 vous travaillez sans le march\u00e9. Pour t\u00e9l\u00e9charger ce programme, vous devez proc\u00e9der comme suit :<\/p>\n<ol>\n<li>Dans la m\u00eame section des applications mobiles, trouvez un lien vers le site web de Testflight. Ce site contient une application propri\u00e9taire permettant de tester d&rsquo;autres programmes.<\/li>\n<li>Installez-la, ouvrez-la et trouvez-y le d\u00e9veloppement Linebet. Il ne vous reste plus qu&rsquo;\u00e0 l&rsquo;installer. Tout se fait tr\u00e8s rapidement. L&rsquo;essentiel est de disposer de suffisamment d&rsquo;espace dans la m\u00e9moire de l&rsquo;appareil sur lequel l&rsquo;installation sera effectu\u00e9e.<\/li>\n<li>Il faut accepter d&rsquo;\u00eatre test\u00e9 et de recevoir des notifications avant effectuer des paris en ligne.<\/li>\n<\/ol>\n<p>Les exigences techniques pour les appareils sont minimales. Il n&rsquo;est pas n\u00e9cessaire d&rsquo;avoir le smartphone le plus moderne. Le logiciel est optimis\u00e9 pour diff\u00e9rents \u00e9crans. Mais il est pr\u00e9f\u00e9rable de mettre \u00e0 jour le syst\u00e8me d&rsquo;exploitation avant d&rsquo;installer Linebet APK Android. Mieux encore, lib\u00e9rez la m\u00e9moire interne de l&rsquo;appareil. Pour un fonctionnement optimal de l&rsquo;application, il n&rsquo;est pas n\u00e9cessaire d&rsquo;avoir un d\u00e9bit internet \u00e9lev\u00e9. Mais il y a des exceptions. C&rsquo;est le cas si vous essayez de casino Linebet iOS\u00a0pour ex\u00e9cuter un jeu en direct. Dans ce cas, il est pr\u00e9f\u00e9rable de trouver une connexion Internet illimit\u00e9e \u00e0 haut d\u00e9bit. Si vous vous trouvez dans l&rsquo;une des r\u00e9gions autoris\u00e9es, le programme fonctionnera correctement. Vous pouvez voir dans quelles r\u00e9gions le casino est officiellement repr\u00e9sent\u00e9. Si tout est normal, vous n&rsquo;avez pas besoin d&rsquo;utiliser le VPN pour d\u00e9marrer l&rsquo;application install\u00e9e via le fichier Linebet APK.<\/p>\n<a href=\"https:\/\/apklinebet.com\/go\" class=\"bonus-btn\" rel=\"nofollow\">Obtenez un bonus<\/a>","protected":false},"excerpt":{"rendered":"<p>Linebet APK: principales caract\u00e9ristiques de l&rsquo;application mobile Les plateformes modernes de jeux d&rsquo;argent [&hellip;]<\/p>\n","protected":false},"author":1,"featured_media":0,"parent":0,"menu_order":0,"comment_status":"closed","ping_status":"closed","template":"","meta":{"footnotes":""},"class_list":["post-45","page","type-page","status-publish","hentry"],"yoast_head":"<!-- This site is optimized with the Yoast SEO plugin v24.5 - https:\/\/yoast.com\/wordpress\/plugins\/seo\/ -->\n<title>Linebet APK t\u00e9l\u00e9charger =&gt; Linebet APP iOS for iPhone<\/title>\n<meta name=\"description\" content=\"T\u00e9l\u00e9chargez l&#039;application Linebet \u2611\ufe0f Pari en ligne pour Android et iOS \u2705 Linebet mobile APP \u2611\ufe0f Application mobile pour iOS et Android\" \/>\n<meta name=\"robots\" content=\"index, follow, max-snippet:-1, max-image-preview:large, max-video-preview:-1\" \/>\n<link rel=\"canonical\" href=\"https:\/\/apklinebet.com\/fr\/\" \/>\n<meta property=\"og:locale\" content=\"fr_FR\" \/>\n<meta property=\"og:type\" content=\"article\" \/>\n<meta property=\"og:title\" content=\"Linebet APK t\u00e9l\u00e9charger =&gt; Linebet APP iOS for iPhone\" \/>\n<meta property=\"og:description\" content=\"T\u00e9l\u00e9chargez l&#039;application Linebet \u2611\ufe0f Pari en ligne pour Android et iOS \u2705 Linebet mobile APP \u2611\ufe0f Application mobile pour iOS et Android\" \/>\n<meta property=\"og:url\" content=\"https:\/\/apklinebet.com\/fr\/\" \/>\n<meta property=\"og:site_name\" content=\"apklinebet.com\" \/>\n<meta property=\"article:modified_time\" content=\"2025-03-05T13:10:12+00:00\" \/>\n<meta name=\"twitter:card\" content=\"summary_large_image\" \/>\n<meta name=\"twitter:label1\" content=\"Dur\u00e9e de lecture estim\u00e9e\" \/>\n\t<meta name=\"twitter:data1\" content=\"5 minutes\" \/>\n<script type=\"application\/ld+json\" class=\"yoast-schema-graph\">{\"@context\":\"https:\/\/schema.org\",\"@graph\":[{\"@type\":\"WebPage\",\"@id\":\"https:\/\/apklinebet.com\/fr\/\",\"url\":\"https:\/\/apklinebet.com\/fr\/\",\"name\":\"Linebet APK t\u00e9l\u00e9charger => Linebet APP iOS for iPhone\",\"isPartOf\":{\"@id\":\"https:\/\/apklinebet.com\/fr\/#website\"},\"datePublished\":\"2025-02-25T13:16:14+00:00\",\"dateModified\":\"2025-03-05T13:10:12+00:00\",\"description\":\"T\u00e9l\u00e9chargez l'application Linebet \u2611\ufe0f Pari en ligne pour Android et iOS \u2705 Linebet mobile APP \u2611\ufe0f Application mobile pour iOS et Android\",\"breadcrumb\":{\"@id\":\"https:\/\/apklinebet.com\/fr\/#breadcrumb\"},\"inLanguage\":\"fr-FR\",\"potentialAction\":[{\"@type\":\"ReadAction\",\"target\":[\"https:\/\/apklinebet.com\/fr\/\"]}]},{\"@type\":\"BreadcrumbList\",\"@id\":\"https:\/\/apklinebet.com\/fr\/#breadcrumb\",\"itemListElement\":[{\"@type\":\"ListItem\",\"position\":1,\"name\":\"Home\",\"item\":\"https:\/\/apklinebet.com\/fr\/\"},{\"@type\":\"ListItem\",\"position\":2,\"name\":\"Linebet APK: principales caract\u00e9ristiques de l&rsquo;application mobile\"}]},{\"@type\":\"WebSite\",\"@id\":\"https:\/\/apklinebet.com\/fr\/#website\",\"url\":\"https:\/\/apklinebet.com\/fr\/\",\"name\":\"apklinebet.com\",\"description\":\"\",\"publisher\":{\"@id\":\"https:\/\/apklinebet.com\/fr\/#organization\"},\"inLanguage\":\"fr-FR\"},{\"@type\":\"Organization\",\"@id\":\"https:\/\/apklinebet.com\/fr\/#organization\",\"name\":\"apklinebet.com\",\"url\":\"https:\/\/apklinebet.com\/fr\/\",\"logo\":{\"@type\":\"ImageObject\",\"inLanguage\":\"fr-FR\",\"@id\":\"https:\/\/apklinebet.com\/fr\/#\/schema\/logo\/image\/\",\"url\":\"https:\/\/apklinebet.com\/wp-content\/uploads\/2025\/03\/cropped-linebet-logo.png\",\"contentUrl\":\"https:\/\/apklinebet.com\/wp-content\/uploads\/2025\/03\/cropped-linebet-logo.png\",\"width\":535,\"height\":250,\"caption\":\"apklinebet.com\"},\"image\":{\"@id\":\"https:\/\/apklinebet.com\/fr\/#\/schema\/logo\/image\/\"}}]}<\/script>\n<!-- \/ Yoast SEO plugin. -->","yoast_head_json":{"title":"Linebet APK t\u00e9l\u00e9charger => Linebet APP iOS for iPhone","description":"T\u00e9l\u00e9chargez l'application Linebet \u2611\ufe0f Pari en ligne pour Android et iOS \u2705 Linebet mobile APP \u2611\ufe0f Application mobile pour iOS et Android","robots":{"index":"index","follow":"follow","max-snippet":"max-snippet:-1","max-image-preview":"max-image-preview:large","max-video-preview":"max-video-preview:-1"},"canonical":"https:\/\/apklinebet.com\/fr\/","og_locale":"fr_FR","og_type":"article","og_title":"Linebet APK t\u00e9l\u00e9charger => Linebet APP iOS for iPhone","og_description":"T\u00e9l\u00e9chargez l'application Linebet \u2611\ufe0f Pari en ligne pour Android et iOS \u2705 Linebet mobile APP \u2611\ufe0f Application mobile pour iOS et Android","og_url":"https:\/\/apklinebet.com\/fr\/","og_site_name":"apklinebet.com","article_modified_time":"2025-03-05T13:10:12+00:00","twitter_card":"summary_large_image","twitter_misc":{"Dur\u00e9e de lecture estim\u00e9e":"5 minutes"},"schema":{"@context":"https:\/\/schema.org","@graph":[{"@type":"WebPage","@id":"https:\/\/apklinebet.com\/fr\/","url":"https:\/\/apklinebet.com\/fr\/","name":"Linebet APK t\u00e9l\u00e9charger => Linebet APP iOS for iPhone","isPartOf":{"@id":"https:\/\/apklinebet.com\/fr\/#website"},"datePublished":"2025-02-25T13:16:14+00:00","dateModified":"2025-03-05T13:10:12+00:00","description":"T\u00e9l\u00e9chargez l'application Linebet \u2611\ufe0f Pari en ligne pour Android et iOS \u2705 Linebet mobile APP \u2611\ufe0f Application mobile pour iOS et Android","breadcrumb":{"@id":"https:\/\/apklinebet.com\/fr\/#breadcrumb"},"inLanguage":"fr-FR","potentialAction":[{"@type":"ReadAction","target":["https:\/\/apklinebet.com\/fr\/"]}]},{"@type":"BreadcrumbList","@id":"https:\/\/apklinebet.com\/fr\/#breadcrumb","itemListElement":[{"@type":"ListItem","position":1,"name":"Home","item":"https:\/\/apklinebet.com\/fr\/"},{"@type":"ListItem","position":2,"name":"Linebet APK: principales caract\u00e9ristiques de l&rsquo;application mobile"}]},{"@type":"WebSite","@id":"https:\/\/apklinebet.com\/fr\/#website","url":"https:\/\/apklinebet.com\/fr\/","name":"apklinebet.com","description":"","publisher":{"@id":"https:\/\/apklinebet.com\/fr\/#organization"},"inLanguage":"fr-FR"},{"@type":"Organization","@id":"https:\/\/apklinebet.com\/fr\/#organization","name":"apklinebet.com","url":"https:\/\/apklinebet.com\/fr\/","logo":{"@type":"ImageObject","inLanguage":"fr-FR","@id":"https:\/\/apklinebet.com\/fr\/#\/schema\/logo\/image\/","url":"https:\/\/apklinebet.com\/wp-content\/uploads\/2025\/03\/cropped-linebet-logo.png","contentUrl":"https:\/\/apklinebet.com\/wp-content\/uploads\/2025\/03\/cropped-linebet-logo.png","width":535,"height":250,"caption":"apklinebet.com"},"image":{"@id":"https:\/\/apklinebet.com\/fr\/#\/schema\/logo\/image\/"}}]}},"_links":{"self":[{"href":"https:\/\/apklinebet.com\/fr\/wp-json\/wp\/v2\/pages\/45","targetHints":{"allow":["GET"]}}],"collection":[{"href":"https:\/\/apklinebet.com\/fr\/wp-json\/wp\/v2\/pages"}],"about":[{"href":"https:\/\/apklinebet.com\/fr\/wp-json\/wp\/v2\/types\/page"}],"author":[{"embeddable":true,"href":"https:\/\/apklinebet.com\/fr\/wp-json\/wp\/v2\/users\/1"}],"replies":[{"embeddable":true,"href":"https:\/\/apklinebet.com\/fr\/wp-json\/wp\/v2\/comments?post=45"}],"version-history":[{"count":5,"href":"https:\/\/apklinebet.com\/fr\/wp-json\/wp\/v2\/pages\/45\/revisions"}],"predecessor-version":[{"id":91,"href":"https:\/\/apklinebet.com\/fr\/wp-json\/wp\/v2\/pages\/45\/revisions\/91"}],"wp:attachment":[{"href":"https:\/\/apklinebet.com\/fr\/wp-json\/wp\/v2\/media?parent=45"}],"curies":[{"name":"wp","href":"https:\/\/api.w.org\/{rel}","templated":true}]}}